{"id":204,"date":"2020-01-11T11:59:45","date_gmt":"2020-01-11T10:59:45","guid":{"rendered":"https:\/\/fnac-tradein.ch\/?page_id=204"},"modified":"2021-11-18T18:18:26","modified_gmt":"2021-11-18T17:18:26","slug":"come-funziona","status":"publish","type":"page","link":"https:\/\/fnac-tradein.ch\/it\/come-funziona\/","title":{"rendered":"Come funziona"},"content":{"rendered":"<div class=\"wpb-content-wrapper\"><p>[vc_row el_class=&#8221;wiefunktionierts&#8221;][vc_column][vc_separator][vc_row_inner][vc_column_inner width=&#8221;1\/3&#8243;]<div class=\"krown-text-icon style-four\"><i class=\"krown-icon-shop\" style=\"color:#1db07a\"><\/i><h3><\/h3><div class=\"content\"><p><strong>Rendez-vous en magasin<\/strong> au comptoir SAV avec votre appareil et les accessoires inh\u00e9rents \u00e0 son fonctionnement.<\/p>\n<\/div><\/div>[\/vc_column_inner][vc_column_inner width=&#8221;1\/3&#8243;]<div class=\"krown-text-icon style-four\"><i class=\"krown-icon-thumbs-up-1\" style=\"color:#1db07a\"><\/i><h3><\/h3><div class=\"content\"><p><strong>Diagnostic imm\u00e9diat<\/strong><br \/>\nLe\u00a0montant de la reprise\u00a0vous est donn\u00e9 une fois\u00a0l\u2019\u00e9ligibilit\u00e9 de votre produit\u00a0v\u00e9rifi\u00e9e.<\/p>\n<\/div><\/div>[\/vc_column_inner][vc_column_inner width=&#8221;1\/3&#8243;]<div class=\"krown-text-icon style-four\"><i class=\"krown-icon-wallet\" style=\"color:#1db07a\"><\/i><h3><\/h3><div class=\"content\"><p><strong>Repartez avec votre avoir<\/strong><br \/>\nUtilisable tout de suite, il est valable un an sur l\u2019ensemble des produits et services. <em>Hors fnac.com, hors fnac voyages<\/em><\/p>\n<\/div><\/div>[\/vc_column_inner][\/vc_row_inner][vc_separator][\/vc_column][\/vc_row][vc_row][vc_column][vc_tta_accordion style=\"flat\" shape=\"square\" color=\"white\" no_fill=\"true\" spacing=\"1\" gap=\"0\" c_align=\"left\" autoplay=\"\" collapsible_all=\"false\" c_icon=\"chevron\" c_position=\"right\" active_section=\"false\" el_class=\"\"][vc_tta_section title=\"Perch\u00e9 vendere a FNAC?\"][vc_column_text]Le aste sono costose, richiedono molto tempo e il risultato \u00e8 incerto. Con noi si pu\u00f2 vendere il dispositivo in modo rapido e sicuro a un prezzo fisso. Non devi registrarti, non devi pagare nessuna spedizione e non devi il acquirente. Il denaro per il dispositivo verr\u00e0 trasferito sul tuo conto bancario entro pochi giorni.[\/vc_column_text][\/vc_tta_section][vc_tta_section title=\"A quali prezzi acquista revendo.ch?\"][vc_column_text]I nostri prezzi di acquisto sono basati sul valore corrente di mercato, che dipende dallo sviluppo del prezzo del nuovo dispositivo, la condizione, l&#8217;offerta e la domanda.[\/vc_column_text][\/vc_tta_section][vc_tta_section title=\"Ch\u00ec paga le spese di spedizione?\"][vc_column_text]Assumiamo le spese per la vostra spedizione. Riceverete il francobollo via email. Tutto quello che deve fare \u00e8 stampare il timbro, attaccarlo sul vostro pacco e consegnarlo alla posta svizzera.[\/vc_column_text][\/vc_tta_section][vc_tta_section title=\"Cosa devo fare con il biglietto di consegna?\"][vc_column_text]La bolla di consegna serve da documento d&#8217;identificazione. Contiene informazioni importanti per i nostri dipendenti. Stampatela e mettetela in cima al pacco.[\/vc_column_text][\/vc_tta_section][vc_tta_section title=\"Cosa faccio se non ho un stampatore?\"][vc_column_text]Puoi anche affrancare e spedire il pacchetto da te stesso. Importante: allega un foglio con il numero d&#8217;ordine e i tuoi dati.[\/vc_column_text][\/vc_tta_section][vc_tta_section title=\"Posso portare il mio dispositivo direttamente da voi?\"][vc_column_text]Non \u00e8 possibile consegnare il dispositivo a un <strong>FNAC<\/strong>. Tuttavia, \u00e8 possibile portare il dispositivo in un negozio di <strong>revendo<\/strong>. Potete trovare i negozi di revendo e gli orari di apertura sulla <a href=\"https:\/\/fnac-tradein.ch\/it\/aiuto-e-contatto\/\" target=\"_blank\" rel=\"noopener noreferrer\">nostro sito online<\/a>.[\/vc_column_text][\/vc_tta_section][vc_tta_section title=\"Quando avr\u00f2 i miei soldi?\"][vc_column_text]Non appena abbiamo ricevuto il dispositivo e ha superato l&#8217;ispezione di ricezione, il pagamento viene confermato e poi attivato. Il pagamento dovrebbe normalmente essere sul vostro conto bancario entro 48 ore.[\/vc_column_text][\/vc_tta_section][vc_tta_section title=\"Come posso annullare la vendita?\"][vc_column_text]Se non avete ancora spedito il dispositivo, \u00e8 sempre possibile contattare il servizio clienti di revendo cos\u00ec cancelleremo l&#8217;ordine. Non dimenticare di menzionare il tuo numero d&#8217;ordine.<\/p>\n<p>+41 61 500 28 28 \u2022\u00a0<a href=\"mailto:info@revendo.ch\" target=\"_blank\" rel=\"noopener noreferrer\">info@revendo.ch<\/a>\u00a0| Da luned\u00ec a venerd\u00ec dalle 9h00 alle 18h30 |\u00a0Sabato dalle 9h00 alle 17h00[\/vc_column_text][\/vc_tta_section][vc_tta_section title=\"Cosa succede con i miei dati?\"][vc_column_text]Prima di lavorare sul dispositivo, tutti i supporti di memorizzazione sono completamente formattati.[\/vc_column_text][\/vc_tta_section][vc_tta_section title=\"Proteggo l&#039;ambiente con la vendita?\"][vc_column_text]S\u00ec, il riutilizzo \u00e8 ancora pi\u00f9 sostenibile del riciclaggio. Revendo.ch garantisce sempre un riutilizzo ragionevole e d\u00e0 ai dispositivi un&#8217;altra possibilit\u00e0.[\/vc_column_text][\/vc_tta_section][\/vc_tta_accordion][\/vc_column][\/vc_row]<\/p>\n<\/div>","protected":false},"excerpt":{"rendered":"<p>[vc_row el_class=&#8221;wiefunktionierts&#8221;][vc_column][vc_separator][vc_row_inner][vc_column_inner width=&#8221;1\/3&#8243;][\/vc_column_inner][vc_column_inner width=&#8221;1\/3&#8243;][\/vc_column_inner][vc_column_inner width=&#8221;1\/3&#8243;][\/vc_column_inner][\/vc_row_inner][vc_separator][\/vc_column][\/vc_row][vc_row][vc_column][\/vc_column][\/vc_row] [&#8230;]<\/p>\n<p><a class=\"btn btn-secondary understrap-read-more-link\" href=\"https:\/\/fnac-tradein.ch\/it\/come-funziona\/\">Leggi di pi\u00f9&#8230;<span class=\"screen-reader-text\"> from Come funziona<\/span><\/a><\/p>\n","protected":false},"author":3739,"featured_media":0,"parent":0,"menu_order":0,"comment_status":"closed","ping_status":"closed","template":"","meta":{"inline_featured_image":false,"footnotes":""},"class_list":["post-204","page","type-page","status-publish","hentry"],"_links":{"self":[{"href":"https:\/\/fnac-tradein.ch\/it\/wp-json\/wp\/v2\/pages\/204","targetHints":{"allow":["GET"]}}],"collection":[{"href":"https:\/\/fnac-tradein.ch\/it\/wp-json\/wp\/v2\/pages"}],"about":[{"href":"https:\/\/fnac-tradein.ch\/it\/wp-json\/wp\/v2\/types\/page"}],"author":[{"embeddable":true,"href":"https:\/\/fnac-tradein.ch\/it\/wp-json\/wp\/v2\/users\/3739"}],"replies":[{"embeddable":true,"href":"https:\/\/fnac-tradein.ch\/it\/wp-json\/wp\/v2\/comments?post=204"}],"version-history":[{"count":11,"href":"https:\/\/fnac-tradein.ch\/it\/wp-json\/wp\/v2\/pages\/204\/revisions"}],"predecessor-version":[{"id":346,"href":"https:\/\/fnac-tradein.ch\/it\/wp-json\/wp\/v2\/pages\/204\/revisions\/346"}],"wp:attachment":[{"href":"https:\/\/fnac-tradein.ch\/it\/wp-json\/wp\/v2\/media?parent=204"}],"curies":[{"name":"wp","href":"https:\/\/api.w.org\/{rel}","templated":true}]}}