{"id":197,"date":"2020-01-11T11:48:58","date_gmt":"2020-01-11T10:48:58","guid":{"rendered":"https:\/\/fnac-tradein.ch\/?page_id=197"},"modified":"2024-09-04T15:17:21","modified_gmt":"2024-09-04T13:17:21","slug":"home","status":"publish","type":"page","link":"https:\/\/fnac-tradein.ch\/it\/","title":{"rendered":"Home"},"content":{"rendered":"<div class=\"rva-shop model-fnac view-ankauf_startseite impl-revendo\" data-display-mode=\"full\"><div class=\"rva-parcel-container\" style=\"\"><\/div>            <div class=\"rva-shop-product-selector\">\n                <div class=\"rva-category-list\" id=\"rva-category-list\">\n                    <div class=\"rva-category-group\" id=\"rva-category-group-2\"\n                        data-rva-category-id=\"2\" data-rva-default-product=\"\"\n                        data-rva-category-name=\"root\">\n                        <h3 class=\"rva-category-group-title\"\n                            style=\"\"><span class=\"step step-1\"><\/span>Che cosa vuole vendere?<\/h3>\n                        <div class=\"rva-category-content clearfix\" id=\"rva-search-field-container\">\n                            <input id=\"rva-search-field\" type=\"text\" class=\"rva-search-field\"\n                                placeholder=\"e.g. iPhone 15 Pro\" autocomplete=\"off\" \/>\n                            <button id=\"rva-search-button\" type=\"button\" class=\"rva-search-button\"\n                                aria-label=\"Cerca\">\n                                <svg class=\"rva-icon rva-icon-search\" width=\"16\" height=\"16\" viewBox=\"0 0 24 24\" fill=\"currentColor\" xmlns=\"http:\/\/www.w3.org\/2000\/svg\" aria-hidden=\"true\"><path d=\"M10 18a7.952 7.952 0 0 0 4.897-1.688l4.396 4.396 1.414-1.414-4.396-4.396A7.952 7.952 0 0 0 18 10c0-4.411-3.589-8-8-8s-8 3.589-8 8 3.589 8 8 8zm0-14c3.309 0 6 2.691 6 6s-2.691 6-6 6-6-2.691-6-6 2.691-6 6-6z\"\/><\/svg>                            <\/button>\n                            <img decoding=\"async\" src=\"https:\/\/fnac-tradein.ch\/wp-content\/plugins\/revendo-ankauf\/public\/img\/loading-big.gif\" data-no-lazy=\"1\" id=\"rva-search-spinner\"\n                                style=\"display:none\" \/>\n                        <\/div>\n                        <div class=\"rva-category-content\" id=\"rva-search-results\" style=\"display:none;\"><\/div>\n\n                        <!-- Mobile Search Modal -->\n                        <div id=\"rva-search-modal-backdrop\" class=\"rva-search-modal-backdrop\"><\/div>\n                        <div id=\"rva-search-modal\" class=\"rva-search-modal\">\n                            <div class=\"rva-search-modal-header\">\n                                <div class=\"rva-search-modal-search-container\">\n                                    <input id=\"rva-search-field-modal\" type=\"text\" class=\"rva-search-field\"\n                                        placeholder=\"e.g. iPhone 15 Pro\" autocomplete=\"off\" \/>\n                                    <button id=\"rva-search-button-modal\" type=\"button\" class=\"rva-search-button\"\n                                        aria-label=\"Cerca\">\n                                        <svg class=\"rva-icon rva-icon-search\" width=\"16\" height=\"16\" viewBox=\"0 0 24 24\" fill=\"currentColor\" xmlns=\"http:\/\/www.w3.org\/2000\/svg\" aria-hidden=\"true\"><path d=\"M10 18a7.952 7.952 0 0 0 4.897-1.688l4.396 4.396 1.414-1.414-4.396-4.396A7.952 7.952 0 0 0 18 10c0-4.411-3.589-8-8-8s-8 3.589-8 8 3.589 8 8 8zm0-14c3.309 0 6 2.691 6 6s-2.691 6-6 6-6-2.691-6-6 2.691-6 6-6z\"\/><\/svg>                                    <\/button>\n                                    <img decoding=\"async\" src=\"https:\/\/fnac-tradein.ch\/wp-content\/plugins\/revendo-ankauf\/public\/img\/loading-big.gif\" data-no-lazy=\"1\"\n                                        id=\"rva-search-spinner-modal\" class=\"rva-search-spinner-modal\" style=\"display:none\" \/>\n                                <\/div>\n                                <button type=\"button\" class=\"rva-search-modal-close\"\n                                    aria-label=\"Chiudi\">\u00d7<\/button>\n                            <\/div>\n                            <div class=\"rva-search-modal-content\" id=\"rva-search-results-modal\"><\/div>\n                        <\/div>\n                                                    <div class=\"rva-category-content\">\n                                                                            <ul class=\"rva-subcategory-list\" id=\"rva-category-list-2\">\n                                    <li class=\"rva-subcategory rva-image rva-wp-image \" data-rva-category-id=\"5\"\n                        data-rva-category-name=\"Smartphone\">\n                        <img width=\"210\" height=\"150\" src=\"https:\/\/fnac-tradein.ch\/wp-content\/uploads\/Smartphone.svg\" class=\"image \" alt=\"Smartphone\" loading=\"lazy\" decoding=\"async\" fetchpriority=\"high\" \/>                        <h3>Smartphone<\/h3>\n                    <\/li>\n                                    <li class=\"rva-subcategory rva-image rva-wp-image \" data-rva-category-id=\"6\"\n                        data-rva-category-name=\"iPad\">\n                        <img width=\"210\" height=\"150\" src=\"https:\/\/fnac-tradein.ch\/wp-content\/uploads\/ipad.svg\" class=\"image \" alt=\"iPad\" loading=\"lazy\" decoding=\"async\" \/>                        <h3>iPad<\/h3>\n                    <\/li>\n                                    <li class=\"rva-subcategory rva-image rva-wp-image \" data-rva-category-id=\"8\"\n                        data-rva-category-name=\"Apple Watch\">\n                        <img width=\"210\" height=\"150\" src=\"https:\/\/fnac-tradein.ch\/wp-content\/uploads\/apple-watch.svg\" class=\"image \" alt=\"Apple Watch\" loading=\"lazy\" decoding=\"async\" \/>                        <h3>Apple Watch<\/h3>\n                    <\/li>\n                                    <li class=\"rva-subcategory rva-image rva-wp-image \" data-rva-category-id=\"4\"\n                        data-rva-category-name=\"MacBook\">\n                        <img width=\"210\" height=\"150\" src=\"https:\/\/fnac-tradein.ch\/wp-content\/uploads\/macbook.svg\" class=\"image \" alt=\"MacBook\" loading=\"lazy\" decoding=\"async\" \/>                        <h3>MacBook<\/h3>\n                    <\/li>\n                                    <li class=\"rva-subcategory rva-image rva-wp-image \" data-rva-category-id=\"3\"\n                        data-rva-category-name=\"iMac\">\n                        <img width=\"210\" height=\"150\" src=\"https:\/\/fnac-tradein.ch\/wp-content\/uploads\/imac.svg\" class=\"image \" alt=\"iMac\" loading=\"lazy\" decoding=\"async\" \/>                        <h3>iMac<\/h3>\n                    <\/li>\n                                    <li class=\"rva-subcategory rva-image rva-wp-image \" data-rva-category-id=\"2751\"\n                        data-rva-category-name=\"Mac\">\n                        <img width=\"210\" height=\"150\" src=\"https:\/\/fnac-tradein.ch\/wp-content\/uploads\/mac.svg\" class=\"image \" alt=\"Mac\" loading=\"lazy\" decoding=\"async\" \/>                        <h3>Mac<\/h3>\n                    <\/li>\n                                    <li class=\"rva-subcategory rva-image rva-wp-image \" data-rva-category-id=\"670\"\n                        data-rva-category-name=\"accessori\">\n                        <img width=\"210\" height=\"150\" src=\"https:\/\/fnac-tradein.ch\/wp-content\/uploads\/zubehoer.svg\" class=\"image \" alt=\"Zubeh\u00f6r\" loading=\"lazy\" decoding=\"async\" \/>                        <h3>accessori<\/h3>\n                    <\/li>\n                                    <li class=\"rva-subcategory rva-image rva-wp-image \" data-rva-category-id=\"708\"\n                        data-rva-category-name=\"cuffie\">\n                        <img width=\"210\" height=\"150\" src=\"https:\/\/fnac-tradein.ch\/wp-content\/uploads\/musik.svg\" class=\"image \" alt=\"Musik\" loading=\"lazy\" decoding=\"async\" \/>                        <h3>cuffie<\/h3>\n                    <\/li>\n                                            <\/ul>\n                                        <\/div>\n                                            <\/div>\n                                    <\/div>\n                <div class=\"rva-product-list\" id=\"rva-product-list\">\n                                    <\/div>\n            <\/div>\n            <form id=\"rva-address-form\" style=\"display:none;\">\n    <div class=\"clearfix\"><\/div>\n    <div id=\"step-2\" class=\"boxed-step address left\">\n        <h2 id=\"adressangaben\">\n            <span class=\"step step-4\"><\/span>\n            Indirizzo        <\/h2>\n        <div>\n            <div class=\"clearfix control-group\">\n                <label for=\"firstname\">Nome<\/label>\n                <div class=\"input\">\n                    <input type=\"text\" class=\"required\" maxlength=\"40\" name=\"firstname\" id=\"firstname\" class=\"xxlarge\">\n                <\/div>\n            <\/div>\n            <div class=\"clearfix control-group\">\n                <label for=\"surname\">Nome<\/label>\n                <div class=\"input\">\n                    <input type=\"text\" class=\"required\" maxlength=\"40\" name=\"surname\" id=\"surname\" class=\"xxlarge\">\n                <\/div>\n            <\/div>\n            <div class=\"clearfix control-group\">\n                <label for=\"email\">E-Mail<\/label>\n                <div class=\"input\">\n                    <input type=\"email\" class=\"required\" required maxlength=\"70\" name=\"email\" id=\"email\" class=\"xxlarge\" value=\"\">\n                <\/div>\n            <\/div>\n        <\/div>\n        <div class=\"clearfix control-group\">\n            <label for=\"address\">Indirizzo<\/label>\n            <div class=\"input\">\n                <input type=\"text\" class=\"required\" maxlength=\"40\" name=\"address\" id=\"address\" class=\"xxlarge\">\n            <\/div>\n        <\/div>\n        <div class=\"clearfix control-group\">\n            <label for=\"zipcode\">CAP \/ Citt\u00e0<\/label>\n            <div class=\"input\">\n                <input type=\"text\" class=\"required\" maxlength=\"4\" name=\"zipcode\" id=\"zipcode\" style=\"width:23%;\" class=\"xxlarge\">\n                <input id=\"city\" type=\"text\" class=\"required\" maxlength=\"40\" name=\"city\" style=\"width:75%;\" class=\"xxlarge\">\n            <\/div>\n        <\/div>\n                    <div id=\"velo_kurier_div\" style=\"display:none;\" class=\"clearfix control-group check-group krown-alert alert-success styled-check\">\n                <input id=\"velo_kurier\" type=\"checkbox\" name=\"velo_kurier\" class=\"valid\" \/>\n                <label for=\"velo_kurier\">Vorrei che il dispositivo fosse ritirato gratuitamente da un corriere in bicicletta. Il corriere mi contatter\u00e0 telefonicamente per fissare un appuntamento<\/label>\n            <\/div>\n                <div class=\"clearfix control-group\">\n            <label for=\"phone\">Telefono cellulare<\/label>\n            <div class=\"input\">\n                <input type=\"text\" class=\"required\" maxlength=\"40\" name=\"phone\" id=\"phone\" class=\"xxlarge\">\n            <\/div>\n        <\/div>\n        <div class=\"clearfix control-group\">\n                        <label for=\"country\">Paese                                    <span title=\"Al momento accettiamo solo ordini provenienti dalla Svizzera\">\n                                            <svg class=\"rva-icon rva-icon-question-circle\" width=\"14\" height=\"14\" viewBox=\"0 0 24 24\" fill=\"currentColor\" xmlns=\"http:\/\/www.w3.org\/2000\/svg\" aria-hidden=\"true\"><path d=\"M12 2C6.486 2 2 6.486 2 12s4.486 10 10 10 10-4.486 10-10S17.514 2 12 2zm0 18c-4.411 0-8-3.589-8-8s3.589-8 8-8 8 3.589 8 8-3.589 8-8 8z\"\/><path d=\"M11 11h2v6h-2zm0-4h2v2h-2z\"\/><\/svg>                        <\/span>\n            <\/label>\n            <div class=\"input\">\n                <select name=\"country\" id=\"country\">\n                                            <option value=\"ch\" selected=\"selected\">Svizzera<\/option>\n                                    <\/select>\n            <\/div>\n        <\/div>\n        <!-- Self-Pickup Option (hidden by default, shown if branches available) -->\n                <div id=\"self_pickup_section\" style=\"display:none;\" class=\"clearfix control-group self-pickup-section\">\n            <div class=\"krown-alert alert-info styled-check\">\n                <input id=\"self_pickup\" type=\"checkbox\" name=\"self_pickup\" value=\"1\" \/>\n                <label for=\"self_pickup\">\n                    Preferisco consegnare il mio dispositivo in un negozio Revendo vicino                    <span class=\"question\" title=\"Risparmia tempo e CO2 consegnando il tuo dispositivo in un negozio vicino. Il tuo dispositivo verr\u00e0 elaborato pi\u00f9 velocemente.\">\n                        <svg class=\"rva-icon rva-icon-question-circle\" width=\"14\" height=\"14\" viewBox=\"0 0 24 24\" fill=\"currentColor\" xmlns=\"http:\/\/www.w3.org\/2000\/svg\" aria-hidden=\"true\"><path d=\"M12 2C6.486 2 2 6.486 2 12s4.486 10 10 10 10-4.486 10-10S17.514 2 12 2zm0 18c-4.411 0-8-3.589-8-8s3.589-8 8-8 8 3.589 8 8-3.589 8-8 8z\"\/><path d=\"M11 11h2v6h-2zm0-4h2v2h-2z\"\/><\/svg>                    <\/span>\n                <\/label>\n            <\/div>\n            <div id=\"self_pickup_branch_select\" style=\"display:none;\" class=\"clearfix\">\n                <label for=\"self_pickup_branch\">Select Store<\/label>\n                <div class=\"input\">\n                    <select name=\"self_pickup_branch\" id=\"self_pickup_branch\">\n                        <option value=\"\">Loading nearby stores...<\/option>\n                    <\/select>\n                <\/div>\n                <div id=\"self_pickup_branch_address\" class=\"branch-address-preview\" style=\"display:none;\">\n                    <!-- Populated via JS -->\n                <\/div>\n            <\/div>\n        <\/div>\n                                    <\/div>\n    <div id=\"step-5\" class=\"boxed-step right payment-method\">\n        <h2>\n            <span class=\"step step-5\"><\/span>\n            <span class=\"payment-title-normal\">Pagamento<\/span>\n            <span class=\"payment-title-recycling\" style=\"display:none;\">Riciclo Gratuito<\/span>\n        <\/h2>\n        <div class=\"indent50\">\n            <!-- Free recycling message - shown via JS when all items are recycling with 0 price -->\n            <div class=\"free-recycling-message\" style=\"display:none;\">\n                <p>Il tuo dispositivo verr\u00e0 riciclato gratuitamente. Non verr\u00e0 effettuato alcun pagamento.Il tuo dispositivo verr\u00e0 riciclato gratuitamente. Non verr\u00e0 effettuato alcun pagamento.<\/p>\n                <input type=\"hidden\" name=\"donation\" value=\"0\" disabled \/>\n            <\/div>\n            <!-- Normal payment UI -->\n            <div id=\"payment-accordion\" data-opened=\"0\" class=\"krown-accordion clearfix accordion small not-column-inherit\">\n                <section class=\"mixed-tab full\">\n                    <h4 id=\"rva-mixed-title\">\n                        <svg class=\"rva-icon rva-icon-money-bill-wave\" width=\"18\" height=\"18\" viewBox=\"0 0 24 24\" fill=\"currentColor\" xmlns=\"http:\/\/www.w3.org\/2000\/svg\" aria-hidden=\"true\"><path d=\"M21 4H3a1 1 0 0 0-1 1v14a1 1 0 0 0 1 1h18a1 1 0 0 0 1-1V5a1 1 0 0 0-1-1zm-1 11a3 3 0 0 0-3 3H7a3 3 0 0 0-3-3V9a3 3 0 0 0 3-3h10a3 3 0 0 0 3 3v6z\"\/><path d=\"M12 8c-2.206 0-4 1.794-4 4s1.794 4 4 4 4-1.794 4-4-1.794-4-4-4zm0 6c-1.103 0-2-.897-2-2s.897-2 2-2 2 .897 2 2-.897 2-2 2z\"\/><\/svg>                        Bonifico                                                    <span class=\"question\" title=\"L'importo selezionato sar\u00e0 trasferito sul tuo conto entro 7 giorni lavorativi dall'approvazione del dispositivo. Il resto sar\u00e0 trasferito all'organizzazione a tuo nome. Per la ricevuta della donazione, i tuoi dati saranno trasferiti all'organizzazione responsabile.\"><svg class=\"rva-icon rva-icon-question-circle question-icon\" width=\"14\" height=\"14\" viewBox=\"0 0 24 24\" fill=\"currentColor\" xmlns=\"http:\/\/www.w3.org\/2000\/svg\" aria-hidden=\"true\"><path d=\"M12 2C6.486 2 2 6.486 2 12s4.486 10 10 10 10-4.486 10-10S17.514 2 12 2zm0 18c-4.411 0-8-3.589-8-8s3.589-8 8-8 8 3.589 8 8-3.589 8-8 8z\"\/><path d=\"M11 11h2v6h-2zm0-4h2v2h-2z\"\/><\/svg><\/span>\n                                            <\/h4>\n                    <div class=\"content\">\n                        <!-- Individual Offer with 0 price - shown via JS when has individual offer with 0 price -->\n                        <div class=\"individual-zero-content\" style=\"display:none;\">\n                            <div class=\"control-group tab-description\">\n                                <p>Inserisci i tuoi dati bancari. Dopo aver esaminato il tuo dispositivo, trasferiremo l'importo finale sul tuo conto.<\/p>\n                            <\/div>\n                            <input type=\"hidden\" name=\"donation\" class=\"individual-zero-donation\" value=\"0\" disabled \/>\n                        <\/div>\n                        <!-- Normal payment content -->\n                        <div class=\"normal-payment-content\">\n                            <div class=\"control-group tab-description\">\n                                <p>\n                                    Inserite qui i dati del vostro conto e riceverete entro pochi giorni l'importo corrispondente trasferito sul vostro conto.                                <\/p>\n                            <\/div>\n                                                    <\/div>\n                        <div class=\"toggle-block transfer\">\n                            <h3 class=\"block-title\">Trasferire CHF <span class=\"slider-amount\" id=\"transfer-marker\"><\/span>.- a:<\/h3>\n                            <div class=\"control-group\">\n                                <label for=\"iban\">N. IBAN                                    <span title=\"Puoi trovare il tuo numero IBAN sulla tua carta EC, Maestro, Post-card o carta di credito. I numeri IBAN svizzeri sono composti da 21 cifre e iniziano sempre con CH.\"><svg class=\"rva-icon rva-icon-question-circle\" width=\"14\" height=\"14\" viewBox=\"0 0 24 24\" fill=\"currentColor\" xmlns=\"http:\/\/www.w3.org\/2000\/svg\" aria-hidden=\"true\"><path d=\"M12 2C6.486 2 2 6.486 2 12s4.486 10 10 10 10-4.486 10-10S17.514 2 12 2zm0 18c-4.411 0-8-3.589-8-8s3.589-8 8-8 8 3.589 8 8-3.589 8-8 8z\"\/><path d=\"M11 11h2v6h-2zm0-4h2v2h-2z\"\/><\/svg><\/span>\n                                <\/label>\n                                <div class=\"input\">\n                                    <input type=\"text\" maxlength=\"40\" class=\"required\" name=\"iban\" id=\"iban\" class=\"xxlarge\" \/>\n                                <\/div>\n                            <\/div>\n                            <div class=\"control-group\">\n                                <label for=\"bank-name\">Titolare del conto<\/label>\n                                <div class=\"input\">\n                                    <input type=\"text\" class=\"required\" maxlength=\"40\" name=\"bank-name\" id=\"bank-name\" class=\"xxlarge\" \/>\n                                <\/div>\n                            <\/div>\n                        <\/div>\n                                            <\/div>\n                <\/section>\n                            <\/div>\n                    <div class=\"clearfix\"><\/div>\n            <div class=\"check-group\">\n                                    <div class=\"krown-alert styled-check\">\n                        <input id=\"delete\" name=\"delete\" type=\"checkbox\" required \/>\n                        <label for=\"delete\">Confermo che tutti i dati possono essere cancellati dal dispositivo e che il dispositivo \u00e8 in buone condizioni di funzionamento.                                                            <br \/>\n                                <strong>Importante: si prega di eliminare tutti i propri dati prima di inviare il dispositivo e di assicurarsi che eventuali blocchi iCloud, MDM o Google siano rimossi!<\/strong>\n                                                                                        <span title=\"Rimuovere l'account iCloud di iOS 7 e iOS 8:\nScegli preferenze > iCloud, e seleziona elimina account.\nI dispositivi che utilizzano il software di sistema iOS 7 e iOS 8 e sono connessi con un backup iCloud attivato non possono avere i dati rimossi senza accesso tramite l'Apple ID e devono quindi essere rispediti.\"><svg class=\"rva-icon rva-icon-question-circle\" width=\"14\" height=\"14\" viewBox=\"0 0 24 24\" fill=\"currentColor\" xmlns=\"http:\/\/www.w3.org\/2000\/svg\" aria-hidden=\"true\"><path d=\"M12 2C6.486 2 2 6.486 2 12s4.486 10 10 10 10-4.486 10-10S17.514 2 12 2zm0 18c-4.411 0-8-3.589-8-8s3.589-8 8-8 8 3.589 8 8-3.589 8-8 8z\"\/><path d=\"M11 11h2v6h-2zm0-4h2v2h-2z\"\/><\/svg><\/span>\n                                                    <\/label>\n                    <\/div>\n                    <div class=\"clearfix\"><\/div>\n                                <div class=\"krown-alert styled-check\">\n                    <input id=\"agb\" name=\"agb\" type=\"checkbox\" required \/>\n                    <label for=\"agb\">\n                        Ho letto e accetto i <a href=\"https:\/\/revendo.ch\/en\/policies\/terms-of-service\" target=\"_blank\">termini e condizioni<\/a> e l'<a href=\"https:\/\/revendo.ch\/en\/policies\/privacy-policy\"target=\"_blank\">informativa sulla privacy<\/a> di Revendo.                    <\/label>\n                <\/div>\n            <\/div>\n                        <input type=\"submit\" class=\"rva-complete-button\" name=\"complete\" class=\"button\" value=\"Conferma vendita\" \/>\n            <\/div>\n        <\/div>\n            <\/div>\n<\/form>            <div id=\"rva-complete-loading\" style=\"display:none\"><span id=\"rva-complete-spinner\"><img decoding=\"async\"\n                        src=\"https:\/\/fnac-tradein.ch\/wp-content\/plugins\/revendo-ankauf\/public\/img\/loading-big.gif\" data-no-lazy=\"1\"\n                        alt=\"loading\" \/><br \/>Attendere prego...<\/span><br \/><span id=\"rva-complete-error\"\n                    style=\"display:none;\">Oops, qualcosa \u00e8 andato storto. Contattaci a <a href=\"mailto:webmaster@revendo.ch\">webmaster@revendo.ch<\/a> o chiamaci al info@revendo.ch<br \/><span\n                        id=\"rva-complete-error-text\"><\/span><br \/><a class=\"button\" href=\"#\"\n                        id=\"rva-complete-hide-loading\">Modifica dati<\/a><\/span><\/div>\n                        <div id=\"rva-trans-strings\" style=\"display: none;\" data-close-button=\"Chiudi\"><\/div>\n            <div class=\"rva-condition-panel\" aria-hidden=\"true\"><div class=\"rva-condition-panel-backdrop\"><\/div><div class=\"rva-condition-panel-content\"><button class=\"rva-condition-panel-close\" aria-label=\"Chiudi\"><svg width=\"14\" height=\"14\" viewBox=\"0 0 14 14\" fill=\"none\" xmlns=\"http:\/\/www.w3.org\/2000\/svg\"><path d=\"M1 1L13 13M1 13L13 1\" stroke=\"currentColor\" stroke-width=\"2\" stroke-linecap=\"round\"\/><\/svg><\/button><div class=\"rva-condition-panel-image-wrapper\"><img decoding=\"async\" class=\"rva-condition-panel-image\" src=\"\" alt=\"\" \/><\/div><div class=\"rva-condition-panel-label\"><\/div><\/div><\/div><\/div>\n","protected":false},"excerpt":{"rendered":"<p> [&#8230;]<\/p>\n<p><a class=\"btn btn-secondary understrap-read-more-link\" href=\"https:\/\/fnac-tradein.ch\/it\/\">Leggi di pi\u00f9&#8230;<span class=\"screen-reader-text\"> from Home<\/span><\/a><\/p>\n","protected":false},"author":3739,"featured_media":0,"parent":0,"menu_order":0,"comment_status":"closed","ping_status":"open","template":"","meta":{"inline_featured_image":false,"footnotes":""},"class_list":["post-197","page","type-page","status-publish","hentry"],"_links":{"self":[{"href":"https:\/\/fnac-tradein.ch\/it\/wp-json\/wp\/v2\/pages\/197","targetHints":{"allow":["GET"]}}],"collection":[{"href":"https:\/\/fnac-tradein.ch\/it\/wp-json\/wp\/v2\/pages"}],"about":[{"href":"https:\/\/fnac-tradein.ch\/it\/wp-json\/wp\/v2\/types\/page"}],"author":[{"embeddable":true,"href":"https:\/\/fnac-tradein.ch\/it\/wp-json\/wp\/v2\/users\/3739"}],"replies":[{"embeddable":true,"href":"https:\/\/fnac-tradein.ch\/it\/wp-json\/wp\/v2\/comments?post=197"}],"version-history":[{"count":6,"href":"https:\/\/fnac-tradein.ch\/it\/wp-json\/wp\/v2\/pages\/197\/revisions"}],"predecessor-version":[{"id":386,"href":"https:\/\/fnac-tradein.ch\/it\/wp-json\/wp\/v2\/pages\/197\/revisions\/386"}],"wp:attachment":[{"href":"https:\/\/fnac-tradein.ch\/it\/wp-json\/wp\/v2\/media?parent=197"}],"curies":[{"name":"wp","href":"https:\/\/api.w.org\/{rel}","templated":true}]}}