{"id":215,"date":"2020-01-11T12:09:04","date_gmt":"2020-01-11T11:09:04","guid":{"rendered":"https:\/\/fnac-tradein.ch\/?page_id=215"},"modified":"2021-11-18T18:16:20","modified_gmt":"2021-11-18T17:16:20","slug":"comment-ca-marche","status":"publish","type":"page","link":"https:\/\/fnac-tradein.ch\/fr\/comment-ca-marche\/","title":{"rendered":"Comment \u00e7a marche?"},"content":{"rendered":"<div class=\"wpb-content-wrapper\"><p>[vc_row el_class=\u00a0\u00bbwiefunktionierts\u00a0\u00bb][vc_column][vc_separator][vc_row_inner][vc_column_inner width=\u00a0\u00bb1\/3&Prime;]<div class=\"krown-text-icon style-four\"><i class=\"krown-icon-shop\" style=\"color:#1db07a\"><\/i><h3><\/h3><div class=\"content\"><p><strong>Rendez-vous en magasin<\/strong> au comptoir SAV avec votre appareil et les accessoires inh\u00e9rents \u00e0 son fonctionnement.<\/p>\n<\/div><\/div>[\/vc_column_inner][vc_column_inner width=\u00a0\u00bb1\/3&Prime;]<div class=\"krown-text-icon style-four\"><i class=\"krown-icon-thumbs-up-1\" style=\"color:#1db07a\"><\/i><h3><\/h3><div class=\"content\"><p><strong>Diagnostic imm\u00e9diat<\/strong><br \/>\nLe\u00a0montant de la reprise\u00a0vous est donn\u00e9 une fois\u00a0l\u2019\u00e9ligibilit\u00e9 de votre produit\u00a0v\u00e9rifi\u00e9e.<\/p>\n<\/div><\/div>[\/vc_column_inner][vc_column_inner width=\u00a0\u00bb1\/3&Prime;]<div class=\"krown-text-icon style-four\"><i class=\"krown-icon-wallet\" style=\"color:#1db07a\"><\/i><h3><\/h3><div class=\"content\"><p><strong>Repartez avec votre avoir<\/strong><br \/>\nUtilisable tout de suite, il est valable un an sur l\u2019ensemble des produits et services. <em>Hors fnac.com, hors fnac voyages<\/em><\/p>\n<\/div><\/div>[\/vc_column_inner][\/vc_row_inner][vc_separator][\/vc_column][\/vc_row][vc_row][vc_column][vc_column_text]<\/p>\n<h2>FAQ<\/h2>\n<p>[\/vc_column_text][vc_separator][vc_tta_accordion style=\"flat\" shape=\"square\" color=\"white\" no_fill=\"true\" spacing=\"1\" gap=\"0\" c_align=\"left\" autoplay=\"\" collapsible_all=\"false\" c_icon=\"chevron\" c_position=\"right\" active_section=\"false\" el_class=\"\"][vc_tta_section title=\"Pourquoi vendre chez FNAC?\"][vc_column_text]Les ventes sur les sites d&rsquo;ench\u00e8res sont laborieuses, prennent beaucoup de temps et le r\u00e9sultat est des plus incertains. Avec nous, vous pouvez vendre votre appareil rapidement et en toute s\u00e9curit\u00e9 pour un bon prix. Vous n&rsquo;avez pas besoin de vous inscrire, vous n&rsquo;avez pas \u00e0 payer d&rsquo;affranchissement et vous n&rsquo;avez pas \u00e0 contacter l&rsquo;acheteur. Vous recevrez l&rsquo;argent sur votre compte sous quelques jours.[\/vc_column_text][\/vc_tta_section][vc_tta_section title=\"A quels prix les appareils sont-ils achet\u00e9s?\"][vc_column_text]Nos prix correspondent aux prix d&rsquo;achat de revendo.ch, qui sont bas\u00e9s sur la valeur marchande actuelle. La d\u00e9termination des prix d&rsquo;achat d\u00e9pend de l&rsquo;\u00e9volution des prix de l&rsquo;appareil, de son \u00e9tat ainsi que de l&rsquo;offre et de la demande.[\/vc_column_text][\/vc_tta_section][vc_tta_section title=\"Qui paye les frais de livraison?\"][vc_column_text]Nous prenons en charge les frais de port pour l&rsquo;envoi. Vous recevrez l&rsquo;affranchissement par e-mail. Il vous suffit donc de l\u2019imprimer, de le coller sur votre colis et de le remettre au bureau de poste.[\/vc_column_text][\/vc_tta_section][vc_tta_section title=\"Que dois-je faire avec le bon de livraison?\"][vc_column_text]Le bon de livraison contient des informations importantes pour nos employ\u00e9s. Imprimez-le et placez-le dans l&#8217;emballage.[\/vc_column_text][\/vc_tta_section][vc_tta_section title=\"Comment faire si je n&#039;ai pas d&#039;imprimante?\"][vc_column_text]Vous pouvez \u00e9galement affranchir le colis par vous-m\u00eame. Important: joignez une note avec le num\u00e9ro de commande ainsi que vos coordonn\u00e9es.[\/vc_column_text][\/vc_tta_section][vc_tta_section title=\"Puis-je d\u00e9poser mon appareil directement chez vous?\"][vc_column_text]Vous ne pouvez pas d\u00e9poser votre appareil \u00e0 un FNAC. Cependant, il est possible de d\u00e9poser votre appareil dans un magasin revendo. Vous trouverez les agences revendo et les heures d&rsquo;ouverture sur <a href=\"https:\/\/tradein.zer000.ch\/fr\/aide-et-contact\/\" target=\"_blank\" rel=\"noopener noreferrer\">notre contact page<\/a>.[\/vc_column_text][\/vc_tta_section][vc_tta_section title=\"\u00c0 quel moment l&#039;argent me sera-t-il transf\u00e9r\u00e9?\"][vc_column_text]Le virement sera d\u00e9clench\u00e9 d\u00e8s que l&rsquo;appareil est arriv\u00e9 chez nous, v\u00e9rifi\u00e9 et accept\u00e9. Cela peut prendre quelques jours.[\/vc_column_text][\/vc_tta_section][vc_tta_section title=\"Comment puis-je annuler ma vente?\"][vc_column_text]Si vous nous avez pas encore envoy\u00e9 votre appareil, vous pouvez contacter le revendo service client\u00e8le et nous annulerons la vente. Mentionnez votre num\u00e9ro de commande.<\/p>\n<p>+41 61 500 28 28 28 &#8211; <a href=\"mailto:info@revendo.ch\" target=\"_blank\" rel=\"noopener noreferrer\">info@revendo.ch<\/a> | Du lundi au vendredi de 9h00 \u00e0 18h30 | Samedi de 9h00 \u00e0 17h00[\/vc_column_text][\/vc_tta_section][vc_tta_section title=\"Qu&#039;advient-il de mes donn\u00e9es?\"][vc_column_text]Avant de pr\u00e9parer l&rsquo;appareil, tous les supports de stockage sont format\u00e9s.[\/vc_column_text][\/vc_tta_section][vc_tta_section title=\"Est-ce que je m\u00e9nage l&#039;environnement avec mes ventes?\"][vc_column_text]Oui, la r\u00e9paration et la remise en circulation d&rsquo;un appareil d&rsquo;occasion est plus efficace que le recyclage. Revendo cherche toujours \u00e0 r\u00e9parer un appareil, afin de lui donner un nouveau cycle de vie.[\/vc_column_text][\/vc_tta_section][\/vc_tta_accordion][\/vc_column][\/vc_row]<\/p>\n<\/div>","protected":false},"excerpt":{"rendered":"<p>[vc_row el_class=\u00a0\u00bbwiefunktionierts\u00a0\u00bb][vc_column][vc_separator][vc_row_inner][vc_column_inner width=\u00a0\u00bb1\/3&Prime;][\/vc_column_inner][vc_column_inner width=\u00a0\u00bb1\/3&Prime;][\/vc_column_inner][vc_column_inner width=\u00a0\u00bb1\/3&Prime;][\/vc_column_inner][\/vc_row_inner][vc_separator][\/vc_column][\/vc_row][vc_row][vc_column][vc_column_text] FAQ [\/vc_column_text][vc_separator][\/vc_column][\/vc_row] [&#8230;]<\/p>\n<p><a class=\"btn btn-secondary understrap-read-more-link\" href=\"https:\/\/fnac-tradein.ch\/fr\/comment-ca-marche\/\">Lire la suite\u2026<span class=\"screen-reader-text\"> from Comment \u00e7a marche?<\/span><\/a><\/p>\n","protected":false},"author":3739,"featured_media":0,"parent":0,"menu_order":0,"comment_status":"closed","ping_status":"closed","template":"","meta":{"inline_featured_image":false,"footnotes":""},"class_list":["post-215","page","type-page","status-publish","hentry"],"_links":{"self":[{"href":"https:\/\/fnac-tradein.ch\/fr\/wp-json\/wp\/v2\/pages\/215","targetHints":{"allow":["GET"]}}],"collection":[{"href":"https:\/\/fnac-tradein.ch\/fr\/wp-json\/wp\/v2\/pages"}],"about":[{"href":"https:\/\/fnac-tradein.ch\/fr\/wp-json\/wp\/v2\/types\/page"}],"author":[{"embeddable":true,"href":"https:\/\/fnac-tradein.ch\/fr\/wp-json\/wp\/v2\/users\/3739"}],"replies":[{"embeddable":true,"href":"https:\/\/fnac-tradein.ch\/fr\/wp-json\/wp\/v2\/comments?post=215"}],"version-history":[{"count":11,"href":"https:\/\/fnac-tradein.ch\/fr\/wp-json\/wp\/v2\/pages\/215\/revisions"}],"predecessor-version":[{"id":332,"href":"https:\/\/fnac-tradein.ch\/fr\/wp-json\/wp\/v2\/pages\/215\/revisions\/332"}],"wp:attachment":[{"href":"https:\/\/fnac-tradein.ch\/fr\/wp-json\/wp\/v2\/media?parent=215"}],"curies":[{"name":"wp","href":"https:\/\/api.w.org\/{rel}","templated":true}]}}